{"id":57,"date":"2019-12-13T19:06:42","date_gmt":"2019-12-13T18:06:42","guid":{"rendered":"http:\/\/uebersetzungen-karafiat.com\/wordpress\/?page_id=57"},"modified":"2020-05-03T23:16:42","modified_gmt":"2020-05-03T21:16:42","slug":"cestina","status":"publish","type":"page","link":"https:\/\/uebersetzungen-karafiat.com\/wordpress\/cestina\/","title":{"rendered":"\u010ce\u0161tina"},"content":{"rendered":"\n<p>R\u00e1d pro V\u00e1s vypracuji p\u0159eklady b\u011b\u017en\u00fdch i odborn\u011b zam\u011b\u0159en\u00fdch text\u016f, nap\u0159\u00edklad:<\/p>\n\n\n\n<ul class=\"wp-block-list\"><li>\u00fa\u0159edn\u00ed dokumenty (neschopenky, \u017eivnostensk\u00e9 listy, k\u0159estn\u00ed listy atd) <\/li><li>odborn\u00e9 \u010dl\u00e1nky<\/li><li>korespondenci<\/li><li>historick\u00e9 texty, rodokmeny<\/li><li>pam\u011btn\u00ed publikace, kroniky<\/li><li>v\u00edcejazy\u010dn\u00e9 p\u0159eklady (\u010de\u0161tina, n\u011bm\u010dina, angli\u010dtina, ru\u0161tina, pol\u0161tina)<\/li><li>n\u00e1vody k pou\u017eit\u00ed<\/li><\/ul>\n\n\n\n<p><\/p>\n","protected":false},"excerpt":{"rendered":"","protected":false},"author":1,"featured_media":0,"parent":0,"menu_order":0,"comment_status":"closed","ping_status":"closed","template":"","meta":{"footnotes":""},"class_list":["post-57","page","type-page","status-publish","hentry"],"yoast_head":"<!-- This site is optimized with the Yoast SEO plugin v25.3.1 - https:\/\/yoast.com\/wordpress\/plugins\/seo\/ -->\n<title>\u010ce\u0161tina - Nikola Karafiat - \u00dcbersetzungen<\/title>\n<meta name=\"robots\" content=\"index, follow, max-snippet:-1, max-image-preview:large, max-video-preview:-1\" \/>\n<link rel=\"canonical\" href=\"https:\/\/uebersetzungen-karafiat.com\/wordpress\/cestina\/\" \/>\n<meta property=\"og:locale\" content=\"de_DE\" \/>\n<meta property=\"og:type\" content=\"article\" \/>\n<meta property=\"og:title\" content=\"\u010ce\u0161tina - Nikola Karafiat - \u00dcbersetzungen\" \/>\n<meta property=\"og:url\" content=\"https:\/\/uebersetzungen-karafiat.com\/wordpress\/cestina\/\" \/>\n<meta property=\"og:site_name\" content=\"Nikola Karafiat - \u00dcbersetzungen\" \/>\n<meta property=\"article:publisher\" content=\"https:\/\/www.facebook.com\/nkarafiat\" \/>\n<meta property=\"article:modified_time\" content=\"2020-05-03T21:16:42+00:00\" \/>\n<meta name=\"twitter:card\" content=\"summary_large_image\" \/>\n<script type=\"application\/ld+json\" class=\"yoast-schema-graph\">{\"@context\":\"https:\/\/schema.org\",\"@graph\":[{\"@type\":\"WebPage\",\"@id\":\"https:\/\/uebersetzungen-karafiat.com\/wordpress\/cestina\/\",\"url\":\"https:\/\/uebersetzungen-karafiat.com\/wordpress\/cestina\/\",\"name\":\"\u010ce\u0161tina - Nikola Karafiat - \u00dcbersetzungen\",\"isPartOf\":{\"@id\":\"https:\/\/uebersetzungen-karafiat.com\/wordpress\/#website\"},\"datePublished\":\"2019-12-13T18:06:42+00:00\",\"dateModified\":\"2020-05-03T21:16:42+00:00\",\"breadcrumb\":{\"@id\":\"https:\/\/uebersetzungen-karafiat.com\/wordpress\/cestina\/#breadcrumb\"},\"inLanguage\":\"de\",\"potentialAction\":[{\"@type\":\"ReadAction\",\"target\":[\"https:\/\/uebersetzungen-karafiat.com\/wordpress\/cestina\/\"]}]},{\"@type\":\"BreadcrumbList\",\"@id\":\"https:\/\/uebersetzungen-karafiat.com\/wordpress\/cestina\/#breadcrumb\",\"itemListElement\":[{\"@type\":\"ListItem\",\"position\":1,\"name\":\"Startseite\",\"item\":\"https:\/\/uebersetzungen-karafiat.com\/wordpress\/\"},{\"@type\":\"ListItem\",\"position\":2,\"name\":\"\u010ce\u0161tina\"}]},{\"@type\":\"WebSite\",\"@id\":\"https:\/\/uebersetzungen-karafiat.com\/wordpress\/#website\",\"url\":\"https:\/\/uebersetzungen-karafiat.com\/wordpress\/\",\"name\":\"Nikola Karafiat - \u00dcbersetzungen\",\"description\":\"\",\"publisher\":{\"@id\":\"https:\/\/uebersetzungen-karafiat.com\/wordpress\/#organization\"},\"potentialAction\":[{\"@type\":\"SearchAction\",\"target\":{\"@type\":\"EntryPoint\",\"urlTemplate\":\"https:\/\/uebersetzungen-karafiat.com\/wordpress\/?s={search_term_string}\"},\"query-input\":{\"@type\":\"PropertyValueSpecification\",\"valueRequired\":true,\"valueName\":\"search_term_string\"}}],\"inLanguage\":\"de\"},{\"@type\":\"Organization\",\"@id\":\"https:\/\/uebersetzungen-karafiat.com\/wordpress\/#organization\",\"name\":\"Nikola Karafiat - \u00dcbersetzungen\",\"url\":\"https:\/\/uebersetzungen-karafiat.com\/wordpress\/\",\"logo\":{\"@type\":\"ImageObject\",\"inLanguage\":\"de\",\"@id\":\"https:\/\/uebersetzungen-karafiat.com\/wordpress\/#\/schema\/logo\/image\/\",\"url\":\"https:\/\/i0.wp.com\/uebersetzungen-karafiat.com\/wordpress\/wp-content\/uploads\/2024\/04\/Logo-Katalog-WA-PNG.png?fit=633%2C748&ssl=1\",\"contentUrl\":\"https:\/\/i0.wp.com\/uebersetzungen-karafiat.com\/wordpress\/wp-content\/uploads\/2024\/04\/Logo-Katalog-WA-PNG.png?fit=633%2C748&ssl=1\",\"width\":633,\"height\":748,\"caption\":\"Nikola Karafiat - \u00dcbersetzungen\"},\"image\":{\"@id\":\"https:\/\/uebersetzungen-karafiat.com\/wordpress\/#\/schema\/logo\/image\/\"},\"sameAs\":[\"https:\/\/www.facebook.com\/nkarafiat\"]}]}<\/script>\n<!-- \/ Yoast SEO plugin. -->","yoast_head_json":{"title":"\u010ce\u0161tina - Nikola Karafiat - \u00dcbersetzungen","robots":{"index":"index","follow":"follow","max-snippet":"max-snippet:-1","max-image-preview":"max-image-preview:large","max-video-preview":"max-video-preview:-1"},"canonical":"https:\/\/uebersetzungen-karafiat.com\/wordpress\/cestina\/","og_locale":"de_DE","og_type":"article","og_title":"\u010ce\u0161tina - Nikola Karafiat - \u00dcbersetzungen","og_url":"https:\/\/uebersetzungen-karafiat.com\/wordpress\/cestina\/","og_site_name":"Nikola Karafiat - \u00dcbersetzungen","article_publisher":"https:\/\/www.facebook.com\/nkarafiat","article_modified_time":"2020-05-03T21:16:42+00:00","twitter_card":"summary_large_image","schema":{"@context":"https:\/\/schema.org","@graph":[{"@type":"WebPage","@id":"https:\/\/uebersetzungen-karafiat.com\/wordpress\/cestina\/","url":"https:\/\/uebersetzungen-karafiat.com\/wordpress\/cestina\/","name":"\u010ce\u0161tina - Nikola Karafiat - \u00dcbersetzungen","isPartOf":{"@id":"https:\/\/uebersetzungen-karafiat.com\/wordpress\/#website"},"datePublished":"2019-12-13T18:06:42+00:00","dateModified":"2020-05-03T21:16:42+00:00","breadcrumb":{"@id":"https:\/\/uebersetzungen-karafiat.com\/wordpress\/cestina\/#breadcrumb"},"inLanguage":"de","potentialAction":[{"@type":"ReadAction","target":["https:\/\/uebersetzungen-karafiat.com\/wordpress\/cestina\/"]}]},{"@type":"BreadcrumbList","@id":"https:\/\/uebersetzungen-karafiat.com\/wordpress\/cestina\/#breadcrumb","itemListElement":[{"@type":"ListItem","position":1,"name":"Startseite","item":"https:\/\/uebersetzungen-karafiat.com\/wordpress\/"},{"@type":"ListItem","position":2,"name":"\u010ce\u0161tina"}]},{"@type":"WebSite","@id":"https:\/\/uebersetzungen-karafiat.com\/wordpress\/#website","url":"https:\/\/uebersetzungen-karafiat.com\/wordpress\/","name":"Nikola Karafiat - \u00dcbersetzungen","description":"","publisher":{"@id":"https:\/\/uebersetzungen-karafiat.com\/wordpress\/#organization"},"potentialAction":[{"@type":"SearchAction","target":{"@type":"EntryPoint","urlTemplate":"https:\/\/uebersetzungen-karafiat.com\/wordpress\/?s={search_term_string}"},"query-input":{"@type":"PropertyValueSpecification","valueRequired":true,"valueName":"search_term_string"}}],"inLanguage":"de"},{"@type":"Organization","@id":"https:\/\/uebersetzungen-karafiat.com\/wordpress\/#organization","name":"Nikola Karafiat - \u00dcbersetzungen","url":"https:\/\/uebersetzungen-karafiat.com\/wordpress\/","logo":{"@type":"ImageObject","inLanguage":"de","@id":"https:\/\/uebersetzungen-karafiat.com\/wordpress\/#\/schema\/logo\/image\/","url":"https:\/\/i0.wp.com\/uebersetzungen-karafiat.com\/wordpress\/wp-content\/uploads\/2024\/04\/Logo-Katalog-WA-PNG.png?fit=633%2C748&ssl=1","contentUrl":"https:\/\/i0.wp.com\/uebersetzungen-karafiat.com\/wordpress\/wp-content\/uploads\/2024\/04\/Logo-Katalog-WA-PNG.png?fit=633%2C748&ssl=1","width":633,"height":748,"caption":"Nikola Karafiat - \u00dcbersetzungen"},"image":{"@id":"https:\/\/uebersetzungen-karafiat.com\/wordpress\/#\/schema\/logo\/image\/"},"sameAs":["https:\/\/www.facebook.com\/nkarafiat"]}]}},"jetpack_sharing_enabled":true,"_links":{"self":[{"href":"https:\/\/uebersetzungen-karafiat.com\/wordpress\/wp-json\/wp\/v2\/pages\/57","targetHints":{"allow":["GET"]}}],"collection":[{"href":"https:\/\/uebersetzungen-karafiat.com\/wordpress\/wp-json\/wp\/v2\/pages"}],"about":[{"href":"https:\/\/uebersetzungen-karafiat.com\/wordpress\/wp-json\/wp\/v2\/types\/page"}],"author":[{"embeddable":true,"href":"https:\/\/uebersetzungen-karafiat.com\/wordpress\/wp-json\/wp\/v2\/users\/1"}],"replies":[{"embeddable":true,"href":"https:\/\/uebersetzungen-karafiat.com\/wordpress\/wp-json\/wp\/v2\/comments?post=57"}],"version-history":[{"count":5,"href":"https:\/\/uebersetzungen-karafiat.com\/wordpress\/wp-json\/wp\/v2\/pages\/57\/revisions"}],"predecessor-version":[{"id":159,"href":"https:\/\/uebersetzungen-karafiat.com\/wordpress\/wp-json\/wp\/v2\/pages\/57\/revisions\/159"}],"wp:attachment":[{"href":"https:\/\/uebersetzungen-karafiat.com\/wordpress\/wp-json\/wp\/v2\/media?parent=57"}],"curies":[{"name":"wp","href":"https:\/\/api.w.org\/{rel}","templated":true}]}}