{"id":88,"date":"2020-01-17T01:37:04","date_gmt":"2020-01-16T23:37:04","guid":{"rendered":"http:\/\/uebersetzungen-karafiat.com\/wordpress\/?page_id=88"},"modified":"2023-05-11T22:47:01","modified_gmt":"2023-05-11T20:47:01","slug":"kontakt-pro-zakazniky-z-ceska-a-slovenska","status":"publish","type":"page","link":"https:\/\/uebersetzungen-karafiat.com\/wordpress\/kontakt-pro-zakazniky-z-ceska-a-slovenska\/","title":{"rendered":"Kontakt"},"content":{"rendered":"\n<p>Nikola Karafi\u00e1t<\/p>\n\n\n<div class=\"wp-block-image\">\n<figure class=\"alignright size-large is-resized\"><img data-recalc-dims=\"1\" loading=\"lazy\" decoding=\"async\" src=\"https:\/\/i0.wp.com\/uebersetzungen-karafiat.com\/wordpress\/wp-content\/uploads\/2021\/06\/WA-Business-QR-ohne-Hinweis.png?resize=351%2C438&#038;ssl=1\" alt=\"\" class=\"wp-image-202\" width=\"351\" height=\"438\" srcset=\"https:\/\/i0.wp.com\/uebersetzungen-karafiat.com\/wordpress\/wp-content\/uploads\/2021\/06\/WA-Business-QR-ohne-Hinweis.png?w=750&amp;ssl=1 750w, https:\/\/i0.wp.com\/uebersetzungen-karafiat.com\/wordpress\/wp-content\/uploads\/2021\/06\/WA-Business-QR-ohne-Hinweis.png?resize=240%2C300&amp;ssl=1 240w\" sizes=\"auto, (max-width: 351px) 100vw, 351px\" \/><figcaption class=\"wp-element-caption\">QR k\u00f3d WhatsApp Business<\/figcaption><\/figure>\n<\/div>\n\n\n<p>Blumberger Damm 176, D-12679 Berlin, SRN<\/p>\n\n\n\n<p>E-mail: nk8215@gmx.de<\/p>\n\n\n\n<p>Mobil: 730 911 775<\/p>\n\n\n\n<p>WhatsApp: +49 1573 843 30 80 (pro rychl\u00e9 zah\u00e1jen\u00ed chatu naskenujte QR k\u00f3d vpravo)<\/p>\n\n\n\n<p>Fax: +49 30 221 85 202<\/p>\n\n\n<ul id=\"\" class=\"cnss-social-icon \" style=\"text-align:left; text-align:-webkit-left; align-self:start; margin: 0 auto;\">\t\t<li class=\"cn-fa-facebook cn-fa-icon \" style=\"display:inline-block;\"><a class=\"cnss-facebook\" target=\"_blank\" href=\"https:\/\/www.facebook.com\/Nikola-Karafiat-\u00dcbersetzungen-100559181497023\/\" title=\"Facebook\" style=\"width:48px;height:48px;padding:8px 0;margin:2px;color: #ffffff;border-radius: 50%;\"><i title=\"Facebook\" style=\"font-size:32px;\" class=\"fa fa-facebook\"><\/i><\/a><\/li>\t\t<li class=\"cn-fa-google-my-business\" style=\"display:inline-block;\"><a class=\"\" target=\"_blank\" href=\"https:\/\/g.page\/r\/CfTCAa86ZzFMEAE\" title=\"Google My Business\" style=\"\"><img data-recalc-dims=\"1\" loading=\"lazy\" decoding=\"async\" src=\"https:\/\/i0.wp.com\/uebersetzungen-karafiat.com\/wordpress\/wp-content\/uploads\/2021\/06\/business.png?resize=32%2C32&#038;ssl=1\" border=\"0\" width=\"32\" height=\"32\" alt=\"Google My Business\" title=\"Google My Business\" style=\"margin:2px;\" \/><\/a><\/li><\/ul>\r\n\t\r\n\t\n\n\n\n<p>Google My Business icon made by <a href=\"https:\/\/www.freepik.com\">Freepik<\/a> from <a href=\"https:\/\/www.flaticon.com\/\">www.flaticon.com<\/a><\/p>\n","protected":false},"excerpt":{"rendered":"<p>Nikola Karafi\u00e1t Blumberger Damm 176, D-12679 Berlin, SRN E-mail: nk8215@gmx.de Mobil: 730 911 775 WhatsApp: +49 1573 843 30 80 (pro rychl\u00e9 zah\u00e1jen\u00ed chatu naskenujte QR k\u00f3d vpravo) Fax: +49 30 221 85 202 Google My Business icon made by Freepik from www.flaticon.com<\/p>\n","protected":false},"author":1,"featured_media":0,"parent":0,"menu_order":0,"comment_status":"closed","ping_status":"closed","template":"","meta":{"footnotes":""},"class_list":["post-88","page","type-page","status-publish","hentry"],"yoast_head":"<!-- This site is optimized with the Yoast SEO plugin v25.3.1 - https:\/\/yoast.com\/wordpress\/plugins\/seo\/ -->\n<title>Kontakt - Nikola Karafiat - \u00dcbersetzungen<\/title>\n<meta name=\"robots\" content=\"index, follow, max-snippet:-1, max-image-preview:large, max-video-preview:-1\" \/>\n<link rel=\"canonical\" href=\"https:\/\/uebersetzungen-karafiat.com\/wordpress\/kontakt-pro-zakazniky-z-ceska-a-slovenska\/\" \/>\n<meta property=\"og:locale\" content=\"de_DE\" \/>\n<meta property=\"og:type\" content=\"article\" \/>\n<meta property=\"og:title\" content=\"Kontakt - Nikola Karafiat - \u00dcbersetzungen\" \/>\n<meta property=\"og:description\" content=\"Nikola Karafi\u00e1t Blumberger Damm 176, D-12679 Berlin, SRN E-mail: nk8215@gmx.de Mobil: 730 911 775 WhatsApp: +49 1573 843 30 80 (pro rychl\u00e9 zah\u00e1jen\u00ed chatu naskenujte QR k\u00f3d vpravo) Fax: +49 30 221 85 202 Google My Business icon made by Freepik from www.flaticon.com\" \/>\n<meta property=\"og:url\" content=\"https:\/\/uebersetzungen-karafiat.com\/wordpress\/kontakt-pro-zakazniky-z-ceska-a-slovenska\/\" \/>\n<meta property=\"og:site_name\" content=\"Nikola Karafiat - \u00dcbersetzungen\" \/>\n<meta property=\"article:publisher\" content=\"https:\/\/www.facebook.com\/nkarafiat\" \/>\n<meta property=\"article:modified_time\" content=\"2023-05-11T20:47:01+00:00\" \/>\n<meta property=\"og:image\" content=\"https:\/\/uebersetzungen-karafiat.com\/wordpress\/wp-content\/uploads\/2021\/06\/WA-Business-QR-ohne-Hinweis.png\" \/>\n<meta name=\"twitter:card\" content=\"summary_large_image\" \/>\n<script type=\"application\/ld+json\" class=\"yoast-schema-graph\">{\"@context\":\"https:\/\/schema.org\",\"@graph\":[{\"@type\":\"WebPage\",\"@id\":\"https:\/\/uebersetzungen-karafiat.com\/wordpress\/kontakt-pro-zakazniky-z-ceska-a-slovenska\/\",\"url\":\"https:\/\/uebersetzungen-karafiat.com\/wordpress\/kontakt-pro-zakazniky-z-ceska-a-slovenska\/\",\"name\":\"Kontakt - Nikola Karafiat - \u00dcbersetzungen\",\"isPartOf\":{\"@id\":\"https:\/\/uebersetzungen-karafiat.com\/wordpress\/#website\"},\"primaryImageOfPage\":{\"@id\":\"https:\/\/uebersetzungen-karafiat.com\/wordpress\/kontakt-pro-zakazniky-z-ceska-a-slovenska\/#primaryimage\"},\"image\":{\"@id\":\"https:\/\/uebersetzungen-karafiat.com\/wordpress\/kontakt-pro-zakazniky-z-ceska-a-slovenska\/#primaryimage\"},\"thumbnailUrl\":\"https:\/\/uebersetzungen-karafiat.com\/wordpress\/wp-content\/uploads\/2021\/06\/WA-Business-QR-ohne-Hinweis.png\",\"datePublished\":\"2020-01-16T23:37:04+00:00\",\"dateModified\":\"2023-05-11T20:47:01+00:00\",\"breadcrumb\":{\"@id\":\"https:\/\/uebersetzungen-karafiat.com\/wordpress\/kontakt-pro-zakazniky-z-ceska-a-slovenska\/#breadcrumb\"},\"inLanguage\":\"de\",\"potentialAction\":[{\"@type\":\"ReadAction\",\"target\":[\"https:\/\/uebersetzungen-karafiat.com\/wordpress\/kontakt-pro-zakazniky-z-ceska-a-slovenska\/\"]}]},{\"@type\":\"ImageObject\",\"inLanguage\":\"de\",\"@id\":\"https:\/\/uebersetzungen-karafiat.com\/wordpress\/kontakt-pro-zakazniky-z-ceska-a-slovenska\/#primaryimage\",\"url\":\"https:\/\/i0.wp.com\/uebersetzungen-karafiat.com\/wordpress\/wp-content\/uploads\/2021\/06\/WA-Business-QR-ohne-Hinweis.png?fit=750%2C937&ssl=1\",\"contentUrl\":\"https:\/\/i0.wp.com\/uebersetzungen-karafiat.com\/wordpress\/wp-content\/uploads\/2021\/06\/WA-Business-QR-ohne-Hinweis.png?fit=750%2C937&ssl=1\",\"width\":750,\"height\":937},{\"@type\":\"BreadcrumbList\",\"@id\":\"https:\/\/uebersetzungen-karafiat.com\/wordpress\/kontakt-pro-zakazniky-z-ceska-a-slovenska\/#breadcrumb\",\"itemListElement\":[{\"@type\":\"ListItem\",\"position\":1,\"name\":\"Startseite\",\"item\":\"https:\/\/uebersetzungen-karafiat.com\/wordpress\/\"},{\"@type\":\"ListItem\",\"position\":2,\"name\":\"Kontakt\"}]},{\"@type\":\"WebSite\",\"@id\":\"https:\/\/uebersetzungen-karafiat.com\/wordpress\/#website\",\"url\":\"https:\/\/uebersetzungen-karafiat.com\/wordpress\/\",\"name\":\"Nikola Karafiat - \u00dcbersetzungen\",\"description\":\"\",\"publisher\":{\"@id\":\"https:\/\/uebersetzungen-karafiat.com\/wordpress\/#organization\"},\"potentialAction\":[{\"@type\":\"SearchAction\",\"target\":{\"@type\":\"EntryPoint\",\"urlTemplate\":\"https:\/\/uebersetzungen-karafiat.com\/wordpress\/?s={search_term_string}\"},\"query-input\":{\"@type\":\"PropertyValueSpecification\",\"valueRequired\":true,\"valueName\":\"search_term_string\"}}],\"inLanguage\":\"de\"},{\"@type\":\"Organization\",\"@id\":\"https:\/\/uebersetzungen-karafiat.com\/wordpress\/#organization\",\"name\":\"Nikola Karafiat - \u00dcbersetzungen\",\"url\":\"https:\/\/uebersetzungen-karafiat.com\/wordpress\/\",\"logo\":{\"@type\":\"ImageObject\",\"inLanguage\":\"de\",\"@id\":\"https:\/\/uebersetzungen-karafiat.com\/wordpress\/#\/schema\/logo\/image\/\",\"url\":\"https:\/\/i0.wp.com\/uebersetzungen-karafiat.com\/wordpress\/wp-content\/uploads\/2024\/04\/Logo-Katalog-WA-PNG.png?fit=633%2C748&ssl=1\",\"contentUrl\":\"https:\/\/i0.wp.com\/uebersetzungen-karafiat.com\/wordpress\/wp-content\/uploads\/2024\/04\/Logo-Katalog-WA-PNG.png?fit=633%2C748&ssl=1\",\"width\":633,\"height\":748,\"caption\":\"Nikola Karafiat - \u00dcbersetzungen\"},\"image\":{\"@id\":\"https:\/\/uebersetzungen-karafiat.com\/wordpress\/#\/schema\/logo\/image\/\"},\"sameAs\":[\"https:\/\/www.facebook.com\/nkarafiat\"]}]}<\/script>\n<!-- \/ Yoast SEO plugin. -->","yoast_head_json":{"title":"Kontakt - Nikola Karafiat - \u00dcbersetzungen","robots":{"index":"index","follow":"follow","max-snippet":"max-snippet:-1","max-image-preview":"max-image-preview:large","max-video-preview":"max-video-preview:-1"},"canonical":"https:\/\/uebersetzungen-karafiat.com\/wordpress\/kontakt-pro-zakazniky-z-ceska-a-slovenska\/","og_locale":"de_DE","og_type":"article","og_title":"Kontakt - Nikola Karafiat - \u00dcbersetzungen","og_description":"Nikola Karafi\u00e1t Blumberger Damm 176, D-12679 Berlin, SRN E-mail: nk8215@gmx.de Mobil: 730 911 775 WhatsApp: +49 1573 843 30 80 (pro rychl\u00e9 zah\u00e1jen\u00ed chatu naskenujte QR k\u00f3d vpravo) Fax: +49 30 221 85 202 Google My Business icon made by Freepik from www.flaticon.com","og_url":"https:\/\/uebersetzungen-karafiat.com\/wordpress\/kontakt-pro-zakazniky-z-ceska-a-slovenska\/","og_site_name":"Nikola Karafiat - \u00dcbersetzungen","article_publisher":"https:\/\/www.facebook.com\/nkarafiat","article_modified_time":"2023-05-11T20:47:01+00:00","og_image":[{"url":"https:\/\/uebersetzungen-karafiat.com\/wordpress\/wp-content\/uploads\/2021\/06\/WA-Business-QR-ohne-Hinweis.png","type":"","width":"","height":""}],"twitter_card":"summary_large_image","schema":{"@context":"https:\/\/schema.org","@graph":[{"@type":"WebPage","@id":"https:\/\/uebersetzungen-karafiat.com\/wordpress\/kontakt-pro-zakazniky-z-ceska-a-slovenska\/","url":"https:\/\/uebersetzungen-karafiat.com\/wordpress\/kontakt-pro-zakazniky-z-ceska-a-slovenska\/","name":"Kontakt - Nikola Karafiat - \u00dcbersetzungen","isPartOf":{"@id":"https:\/\/uebersetzungen-karafiat.com\/wordpress\/#website"},"primaryImageOfPage":{"@id":"https:\/\/uebersetzungen-karafiat.com\/wordpress\/kontakt-pro-zakazniky-z-ceska-a-slovenska\/#primaryimage"},"image":{"@id":"https:\/\/uebersetzungen-karafiat.com\/wordpress\/kontakt-pro-zakazniky-z-ceska-a-slovenska\/#primaryimage"},"thumbnailUrl":"https:\/\/uebersetzungen-karafiat.com\/wordpress\/wp-content\/uploads\/2021\/06\/WA-Business-QR-ohne-Hinweis.png","datePublished":"2020-01-16T23:37:04+00:00","dateModified":"2023-05-11T20:47:01+00:00","breadcrumb":{"@id":"https:\/\/uebersetzungen-karafiat.com\/wordpress\/kontakt-pro-zakazniky-z-ceska-a-slovenska\/#breadcrumb"},"inLanguage":"de","potentialAction":[{"@type":"ReadAction","target":["https:\/\/uebersetzungen-karafiat.com\/wordpress\/kontakt-pro-zakazniky-z-ceska-a-slovenska\/"]}]},{"@type":"ImageObject","inLanguage":"de","@id":"https:\/\/uebersetzungen-karafiat.com\/wordpress\/kontakt-pro-zakazniky-z-ceska-a-slovenska\/#primaryimage","url":"https:\/\/i0.wp.com\/uebersetzungen-karafiat.com\/wordpress\/wp-content\/uploads\/2021\/06\/WA-Business-QR-ohne-Hinweis.png?fit=750%2C937&ssl=1","contentUrl":"https:\/\/i0.wp.com\/uebersetzungen-karafiat.com\/wordpress\/wp-content\/uploads\/2021\/06\/WA-Business-QR-ohne-Hinweis.png?fit=750%2C937&ssl=1","width":750,"height":937},{"@type":"BreadcrumbList","@id":"https:\/\/uebersetzungen-karafiat.com\/wordpress\/kontakt-pro-zakazniky-z-ceska-a-slovenska\/#breadcrumb","itemListElement":[{"@type":"ListItem","position":1,"name":"Startseite","item":"https:\/\/uebersetzungen-karafiat.com\/wordpress\/"},{"@type":"ListItem","position":2,"name":"Kontakt"}]},{"@type":"WebSite","@id":"https:\/\/uebersetzungen-karafiat.com\/wordpress\/#website","url":"https:\/\/uebersetzungen-karafiat.com\/wordpress\/","name":"Nikola Karafiat - \u00dcbersetzungen","description":"","publisher":{"@id":"https:\/\/uebersetzungen-karafiat.com\/wordpress\/#organization"},"potentialAction":[{"@type":"SearchAction","target":{"@type":"EntryPoint","urlTemplate":"https:\/\/uebersetzungen-karafiat.com\/wordpress\/?s={search_term_string}"},"query-input":{"@type":"PropertyValueSpecification","valueRequired":true,"valueName":"search_term_string"}}],"inLanguage":"de"},{"@type":"Organization","@id":"https:\/\/uebersetzungen-karafiat.com\/wordpress\/#organization","name":"Nikola Karafiat - \u00dcbersetzungen","url":"https:\/\/uebersetzungen-karafiat.com\/wordpress\/","logo":{"@type":"ImageObject","inLanguage":"de","@id":"https:\/\/uebersetzungen-karafiat.com\/wordpress\/#\/schema\/logo\/image\/","url":"https:\/\/i0.wp.com\/uebersetzungen-karafiat.com\/wordpress\/wp-content\/uploads\/2024\/04\/Logo-Katalog-WA-PNG.png?fit=633%2C748&ssl=1","contentUrl":"https:\/\/i0.wp.com\/uebersetzungen-karafiat.com\/wordpress\/wp-content\/uploads\/2024\/04\/Logo-Katalog-WA-PNG.png?fit=633%2C748&ssl=1","width":633,"height":748,"caption":"Nikola Karafiat - \u00dcbersetzungen"},"image":{"@id":"https:\/\/uebersetzungen-karafiat.com\/wordpress\/#\/schema\/logo\/image\/"},"sameAs":["https:\/\/www.facebook.com\/nkarafiat"]}]}},"jetpack_sharing_enabled":true,"_links":{"self":[{"href":"https:\/\/uebersetzungen-karafiat.com\/wordpress\/wp-json\/wp\/v2\/pages\/88","targetHints":{"allow":["GET"]}}],"collection":[{"href":"https:\/\/uebersetzungen-karafiat.com\/wordpress\/wp-json\/wp\/v2\/pages"}],"about":[{"href":"https:\/\/uebersetzungen-karafiat.com\/wordpress\/wp-json\/wp\/v2\/types\/page"}],"author":[{"embeddable":true,"href":"https:\/\/uebersetzungen-karafiat.com\/wordpress\/wp-json\/wp\/v2\/users\/1"}],"replies":[{"embeddable":true,"href":"https:\/\/uebersetzungen-karafiat.com\/wordpress\/wp-json\/wp\/v2\/comments?post=88"}],"version-history":[{"count":14,"href":"https:\/\/uebersetzungen-karafiat.com\/wordpress\/wp-json\/wp\/v2\/pages\/88\/revisions"}],"predecessor-version":[{"id":276,"href":"https:\/\/uebersetzungen-karafiat.com\/wordpress\/wp-json\/wp\/v2\/pages\/88\/revisions\/276"}],"wp:attachment":[{"href":"https:\/\/uebersetzungen-karafiat.com\/wordpress\/wp-json\/wp\/v2\/media?parent=88"}],"curies":[{"name":"wp","href":"https:\/\/api.w.org\/{rel}","templated":true}]}}